{"id":14,"date":"2009-08-03T11:28:08","date_gmt":"2009-08-03T10:28:08","guid":{"rendered":"http:\/\/french-bears.com\/videos-gay-et-dialogue-entre-males-virils\/?page_id=14"},"modified":"2018-11-13T11:11:06","modified_gmt":"2018-11-13T10:11:06","slug":"dialogue-entre-bears","status":"publish","type":"page","link":"http:\/\/www.french-bears.com\/videos-gay-et-dialogue-entre-males-virils\/","title":{"rendered":"Dialogue entre gay Bears"},"content":{"rendered":"<p>Rencontres sexy entre gay bears et ceux qui les aiment, daddy, crevettes, chubby, chaser, musclebears.Un plan cul ou l&rsquo;amour entre deux hommes, c&rsquo;est possible. Moi \u00e7a fait d\u00e9j\u00e0 pas mal d&rsquo;ann\u00e9es que j&rsquo;ai trouv\u00e9 mon copain sur le dial. Nous avons 15 ans de diff\u00e9rences mais il a toujours la <a href=\"https:\/\/www.sexeshopgay.com\/nouveau-performan-pills-20-gelules-p.html\" rel=\"noopener\" target=\"_blank\">qu\u00e9quette bien raide avec performan pills<\/a> \ud83d\ude42 \/ salon webcam \/ rencontre soft , sexe et hard sm avec des galeries priv\u00e9es des membres de la zone dial .<\/p>\n<div><a title=\"Dialogue en ligne avec des Bears Gay sexy\" href=\"https:\/\/k.digital2cloud.com\/?abc=32fb639068c60da9&#038;xa=n&#038;acme=sid.2239194&#038;media=search&#038;s1=french-bears&#038;s2=dialogue-entre-gay-bears\" target=\"_blank\"><img loading=\"lazy\" decoding=\"async\" src=\"http:\/\/www.french-bears.com\/images\/dial.jpg\" alt=\"\" width=\"400\" height=\"264\" align=\"top\" \/><\/a><\/div>\n<h3 style=\"display:inline-block\"><a href=\"https:\/\/k.digital2cloud.com\/?abc=32fb639068c60da9&#038;xa=n&#038;acme=sid.2239194&#038;media=search&#038;s1=french-bears&#038;s2=dialogue-entre-gay-bears\" target=\"_blank\"><script type=\"text\/javascript\" src=\"https:\/\/c.carasexe.name\/f\/userCount?site_id=2239194&#038;type=1&#038;tr4ck=french-bears-dialogue-entre-gay-bears\" charset=\"utf-8\"><\/script> mecs connect&eacute;s ces derni&egrave;res 24h<\/a><\/h3>\n<p>Ci dessous quelques vid\u00e9os de mecs virils en actions , des poilus, des ventrus, des muscl\u00e9s , du sexe tendre entre quadra ou des <a href=\"https:\/\/www.sexeshopgay.com\/poppers-nitrite-pentyle-c.html\" rel=\"noopener\" target=\"_blank\">plans hard avec du poppers<\/a> ou des plans cuirs..la sexualit\u00e9 des ours est complexe , je te propose de mater quelques films pour en juger toi m\u00eame \ud83d\ude09<br \/>\n<iframe loading=\"lazy\" src=\"http:\/\/www.smartmovies.net\/mb\/d34726\/videos\" width=\"640\" height=\"7580\" scrolling=\"auto\" frameborder=\"0\"><\/iframe> <\/p>\n","protected":false},"excerpt":{"rendered":"<p>Rencontres sexy entre gay bears et ceux qui les aiment, daddy, crevettes, chubby, chaser, musclebears.Un plan cul ou l&rsquo;amour entre deux hommes, c&rsquo;est possible. Moi \u00e7a fait d\u00e9j\u00e0 pas mal d&rsquo;ann\u00e9es que j&rsquo;ai trouv\u00e9 mon copain sur le dial. Nous avons 15 ans de diff\u00e9rences mais il a toujours la qu\u00e9quette bien raide avec performan [&hellip;]<\/p>\n","protected":false},"author":1,"featured_media":0,"parent":0,"menu_order":1,"comment_status":"closed","ping_status":"closed","template":"","meta":{"footnotes":""},"class_list":["post-14","page","type-page","status-publish","hentry"],"yoast_head":"<!-- This site is optimized with the Yoast SEO plugin v27.5 - https:\/\/yoast.com\/product\/yoast-seo-wordpress\/ -->\n<title>Dialogue entre gay Bears - French Bears des vid\u00e9os gay virils et discussions entre hommes<\/title>\n<meta name=\"robots\" content=\"index, follow, max-snippet:-1, max-image-preview:large, max-video-preview:-1\" \/>\n<link rel=\"canonical\" href=\"http:\/\/www.french-bears.com\/videos-gay-et-dialogue-entre-males-virils\/\" \/>\n<meta property=\"og:locale\" content=\"fr_FR\" \/>\n<meta property=\"og:type\" content=\"article\" \/>\n<meta property=\"og:title\" content=\"Dialogue entre gay Bears - French Bears des vid\u00e9os gay virils et discussions entre hommes\" \/>\n<meta property=\"og:description\" content=\"Rencontres sexy entre gay bears et ceux qui les aiment, daddy, crevettes, chubby, chaser, musclebears.Un plan cul ou l&rsquo;amour entre deux hommes, c&rsquo;est possible. Moi \u00e7a fait d\u00e9j\u00e0 pas mal d&rsquo;ann\u00e9es que j&rsquo;ai trouv\u00e9 mon copain sur le dial. Nous avons 15 ans de diff\u00e9rences mais il a toujours la qu\u00e9quette bien raide avec performan [&hellip;]\" \/>\n<meta property=\"og:url\" content=\"http:\/\/www.french-bears.com\/videos-gay-et-dialogue-entre-males-virils\/\" \/>\n<meta property=\"og:site_name\" content=\"French Bears des vid\u00e9os gay virils et discussions entre hommes\" \/>\n<meta property=\"article:modified_time\" content=\"2018-11-13T10:11:06+00:00\" \/>\n<meta property=\"og:image\" content=\"http:\/\/www.french-bears.com\/images\/dial.jpg\" \/>\n<meta name=\"twitter:card\" content=\"summary_large_image\" \/>\n<meta name=\"twitter:label1\" content=\"Dur\u00e9e de lecture estim\u00e9e\" \/>\n\t<meta name=\"twitter:data1\" content=\"1 minute\" \/>\n<script type=\"application\/ld+json\" class=\"yoast-schema-graph\">{\"@context\":\"https:\\\/\\\/schema.org\",\"@graph\":[{\"@type\":\"WebPage\",\"@id\":\"http:\\\/\\\/www.french-bears.com\\\/videos-gay-et-dialogue-entre-males-virils\\\/\",\"url\":\"http:\\\/\\\/www.french-bears.com\\\/videos-gay-et-dialogue-entre-males-virils\\\/\",\"name\":\"Dialogue entre gay Bears - French Bears des vid\u00e9os gay virils et discussions entre hommes\",\"isPartOf\":{\"@id\":\"http:\\\/\\\/www.french-bears.com\\\/videos-gay-et-dialogue-entre-males-virils\\\/#website\"},\"primaryImageOfPage\":{\"@id\":\"http:\\\/\\\/www.french-bears.com\\\/videos-gay-et-dialogue-entre-males-virils\\\/#primaryimage\"},\"image\":{\"@id\":\"http:\\\/\\\/www.french-bears.com\\\/videos-gay-et-dialogue-entre-males-virils\\\/#primaryimage\"},\"thumbnailUrl\":\"http:\\\/\\\/www.french-bears.com\\\/images\\\/dial.jpg\",\"datePublished\":\"2009-08-03T10:28:08+00:00\",\"dateModified\":\"2018-11-13T10:11:06+00:00\",\"breadcrumb\":{\"@id\":\"http:\\\/\\\/www.french-bears.com\\\/videos-gay-et-dialogue-entre-males-virils\\\/#breadcrumb\"},\"inLanguage\":\"fr-FR\",\"potentialAction\":[{\"@type\":\"ReadAction\",\"target\":[\"http:\\\/\\\/www.french-bears.com\\\/videos-gay-et-dialogue-entre-males-virils\\\/\"]}]},{\"@type\":\"ImageObject\",\"inLanguage\":\"fr-FR\",\"@id\":\"http:\\\/\\\/www.french-bears.com\\\/videos-gay-et-dialogue-entre-males-virils\\\/#primaryimage\",\"url\":\"http:\\\/\\\/www.french-bears.com\\\/images\\\/dial.jpg\",\"contentUrl\":\"http:\\\/\\\/www.french-bears.com\\\/images\\\/dial.jpg\"},{\"@type\":\"BreadcrumbList\",\"@id\":\"http:\\\/\\\/www.french-bears.com\\\/videos-gay-et-dialogue-entre-males-virils\\\/#breadcrumb\",\"itemListElement\":[{\"@type\":\"ListItem\",\"position\":1,\"name\":\"Accueil\",\"item\":\"http:\\\/\\\/www.french-bears.com\\\/videos-gay-et-dialogue-entre-males-virils\\\/\"},{\"@type\":\"ListItem\",\"position\":2,\"name\":\"Dialogue entre gay Bears\"}]},{\"@type\":\"WebSite\",\"@id\":\"http:\\\/\\\/www.french-bears.com\\\/videos-gay-et-dialogue-entre-males-virils\\\/#website\",\"url\":\"http:\\\/\\\/www.french-bears.com\\\/videos-gay-et-dialogue-entre-males-virils\\\/\",\"name\":\"French Bears des vid\u00e9os gay virils et discussions entre hommes\",\"description\":\"\",\"potentialAction\":[{\"@type\":\"SearchAction\",\"target\":{\"@type\":\"EntryPoint\",\"urlTemplate\":\"http:\\\/\\\/www.french-bears.com\\\/videos-gay-et-dialogue-entre-males-virils\\\/?s={search_term_string}\"},\"query-input\":{\"@type\":\"PropertyValueSpecification\",\"valueRequired\":true,\"valueName\":\"search_term_string\"}}],\"inLanguage\":\"fr-FR\"}]}<\/script>\n<!-- \/ Yoast SEO plugin. -->","yoast_head_json":{"title":"Dialogue entre gay Bears - French Bears des vid\u00e9os gay virils et discussions entre hommes","robots":{"index":"index","follow":"follow","max-snippet":"max-snippet:-1","max-image-preview":"max-image-preview:large","max-video-preview":"max-video-preview:-1"},"canonical":"http:\/\/www.french-bears.com\/videos-gay-et-dialogue-entre-males-virils\/","og_locale":"fr_FR","og_type":"article","og_title":"Dialogue entre gay Bears - French Bears des vid\u00e9os gay virils et discussions entre hommes","og_description":"Rencontres sexy entre gay bears et ceux qui les aiment, daddy, crevettes, chubby, chaser, musclebears.Un plan cul ou l&rsquo;amour entre deux hommes, c&rsquo;est possible. Moi \u00e7a fait d\u00e9j\u00e0 pas mal d&rsquo;ann\u00e9es que j&rsquo;ai trouv\u00e9 mon copain sur le dial. Nous avons 15 ans de diff\u00e9rences mais il a toujours la qu\u00e9quette bien raide avec performan [&hellip;]","og_url":"http:\/\/www.french-bears.com\/videos-gay-et-dialogue-entre-males-virils\/","og_site_name":"French Bears des vid\u00e9os gay virils et discussions entre hommes","article_modified_time":"2018-11-13T10:11:06+00:00","og_image":[{"url":"http:\/\/www.french-bears.com\/images\/dial.jpg","type":"","width":"","height":""}],"twitter_card":"summary_large_image","twitter_misc":{"Dur\u00e9e de lecture estim\u00e9e":"1 minute"},"schema":{"@context":"https:\/\/schema.org","@graph":[{"@type":"WebPage","@id":"http:\/\/www.french-bears.com\/videos-gay-et-dialogue-entre-males-virils\/","url":"http:\/\/www.french-bears.com\/videos-gay-et-dialogue-entre-males-virils\/","name":"Dialogue entre gay Bears - French Bears des vid\u00e9os gay virils et discussions entre hommes","isPartOf":{"@id":"http:\/\/www.french-bears.com\/videos-gay-et-dialogue-entre-males-virils\/#website"},"primaryImageOfPage":{"@id":"http:\/\/www.french-bears.com\/videos-gay-et-dialogue-entre-males-virils\/#primaryimage"},"image":{"@id":"http:\/\/www.french-bears.com\/videos-gay-et-dialogue-entre-males-virils\/#primaryimage"},"thumbnailUrl":"http:\/\/www.french-bears.com\/images\/dial.jpg","datePublished":"2009-08-03T10:28:08+00:00","dateModified":"2018-11-13T10:11:06+00:00","breadcrumb":{"@id":"http:\/\/www.french-bears.com\/videos-gay-et-dialogue-entre-males-virils\/#breadcrumb"},"inLanguage":"fr-FR","potentialAction":[{"@type":"ReadAction","target":["http:\/\/www.french-bears.com\/videos-gay-et-dialogue-entre-males-virils\/"]}]},{"@type":"ImageObject","inLanguage":"fr-FR","@id":"http:\/\/www.french-bears.com\/videos-gay-et-dialogue-entre-males-virils\/#primaryimage","url":"http:\/\/www.french-bears.com\/images\/dial.jpg","contentUrl":"http:\/\/www.french-bears.com\/images\/dial.jpg"},{"@type":"BreadcrumbList","@id":"http:\/\/www.french-bears.com\/videos-gay-et-dialogue-entre-males-virils\/#breadcrumb","itemListElement":[{"@type":"ListItem","position":1,"name":"Accueil","item":"http:\/\/www.french-bears.com\/videos-gay-et-dialogue-entre-males-virils\/"},{"@type":"ListItem","position":2,"name":"Dialogue entre gay Bears"}]},{"@type":"WebSite","@id":"http:\/\/www.french-bears.com\/videos-gay-et-dialogue-entre-males-virils\/#website","url":"http:\/\/www.french-bears.com\/videos-gay-et-dialogue-entre-males-virils\/","name":"French Bears des vid\u00e9os gay virils et discussions entre hommes","description":"","potentialAction":[{"@type":"SearchAction","target":{"@type":"EntryPoint","urlTemplate":"http:\/\/www.french-bears.com\/videos-gay-et-dialogue-entre-males-virils\/?s={search_term_string}"},"query-input":{"@type":"PropertyValueSpecification","valueRequired":true,"valueName":"search_term_string"}}],"inLanguage":"fr-FR"}]}},"_links":{"self":[{"href":"http:\/\/www.french-bears.com\/videos-gay-et-dialogue-entre-males-virils\/wp-json\/wp\/v2\/pages\/14","targetHints":{"allow":["GET"]}}],"collection":[{"href":"http:\/\/www.french-bears.com\/videos-gay-et-dialogue-entre-males-virils\/wp-json\/wp\/v2\/pages"}],"about":[{"href":"http:\/\/www.french-bears.com\/videos-gay-et-dialogue-entre-males-virils\/wp-json\/wp\/v2\/types\/page"}],"author":[{"embeddable":true,"href":"http:\/\/www.french-bears.com\/videos-gay-et-dialogue-entre-males-virils\/wp-json\/wp\/v2\/users\/1"}],"replies":[{"embeddable":true,"href":"http:\/\/www.french-bears.com\/videos-gay-et-dialogue-entre-males-virils\/wp-json\/wp\/v2\/comments?post=14"}],"version-history":[{"count":45,"href":"http:\/\/www.french-bears.com\/videos-gay-et-dialogue-entre-males-virils\/wp-json\/wp\/v2\/pages\/14\/revisions"}],"predecessor-version":[{"id":3327,"href":"http:\/\/www.french-bears.com\/videos-gay-et-dialogue-entre-males-virils\/wp-json\/wp\/v2\/pages\/14\/revisions\/3327"}],"wp:attachment":[{"href":"http:\/\/www.french-bears.com\/videos-gay-et-dialogue-entre-males-virils\/wp-json\/wp\/v2\/media?parent=14"}],"curies":[{"name":"wp","href":"https:\/\/api.w.org\/{rel}","templated":true}]}}