{"id":156,"date":"2009-09-12T21:17:40","date_gmt":"2009-09-12T20:17:40","guid":{"rendered":"http:\/\/www.french-bears.com\/videos-gay-et-dialogue-entre-males-virils\/?page_id=156"},"modified":"2018-11-13T11:14:28","modified_gmt":"2018-11-13T10:14:28","slug":"x-gay","status":"publish","type":"page","link":"http:\/\/www.french-bears.com\/videos-gay-et-dialogue-entre-males-virils\/x-gay\/","title":{"rendered":"Porno Gay"},"content":{"rendered":"<p>De nouvelles vid\u00e9os pornos gay des mecs qui s&rsquo;adonnent aux <a href=\"http:\/\/www.goutsexuel.com\/realiser-meilleure-pipe-monde\/\" rel=\"noopener\" target=\"_blank\">plaisirs de la fellation<\/a> et de la sodomie dans toutes les situations en duo ou en groupe \u00e0 la maison ou \u00e0 l\u2019ext\u00e9rieur. Tu peux mater ces vid\u00e9os d&rsquo;hommes virils qui s&rsquo;enculent sans tabou et prenne du <a href=\"https:\/\/www.sexeshopgay.com\/spermagold-aphrodisiaque-gay-p.html\" rel=\"noopener\" target=\"_blank\">spermagold pour \u00e9jaculer plus de sperme<\/a> et par la m\u00eame <a href=\"https:\/\/www.sexeshopgay.com\/creme-masturbation-c.html\" rel=\"noopener\" target=\"_blank\">te taper une bonne branlette<\/a> avec par exemple un pote que tu invites pour la visionner avec toi \ud83d\ude09 moi c&rsquo;est comme \u00e7a que je fais . La branle c&rsquo;est mieux \u00e0 deux surtout quand \u00e7a d\u00e9rape \ud83d\ude42<\/p>\n<p><iframe loading=\"lazy\" src=\"http:\/\/www.smartmovies.net\/mb\/d34726\/videos\" width=\"640\" height=\"7580\" scrolling=\"auto\" frameborder=\"0\"><\/iframe> <\/p>\n","protected":false},"excerpt":{"rendered":"<p>De nouvelles vid\u00e9os pornos gay des mecs qui s&rsquo;adonnent aux plaisirs de la fellation et de la sodomie dans toutes les situations en duo ou en groupe \u00e0 la maison ou \u00e0 l\u2019ext\u00e9rieur. Tu peux mater ces vid\u00e9os d&rsquo;hommes virils qui s&rsquo;enculent sans tabou et prenne du spermagold pour \u00e9jaculer plus de sperme et par [&hellip;]<\/p>\n","protected":false},"author":1,"featured_media":0,"parent":0,"menu_order":5,"comment_status":"closed","ping_status":"closed","template":"","meta":{"footnotes":""},"class_list":["post-156","page","type-page","status-publish","hentry"],"yoast_head":"<!-- This site is optimized with the Yoast SEO plugin v27.6 - https:\/\/yoast.com\/product\/yoast-seo-wordpress\/ -->\n<title>Porno Gay - French Bears des vid\u00e9os gay virils et discussions entre hommes<\/title>\n<meta name=\"robots\" content=\"index, follow, max-snippet:-1, max-image-preview:large, max-video-preview:-1\" \/>\n<link rel=\"canonical\" href=\"http:\/\/www.french-bears.com\/videos-gay-et-dialogue-entre-males-virils\/x-gay\/\" \/>\n<meta property=\"og:locale\" content=\"fr_FR\" \/>\n<meta property=\"og:type\" content=\"article\" \/>\n<meta property=\"og:title\" content=\"Porno Gay - French Bears des vid\u00e9os gay virils et discussions entre hommes\" \/>\n<meta property=\"og:description\" content=\"De nouvelles vid\u00e9os pornos gay des mecs qui s&rsquo;adonnent aux plaisirs de la fellation et de la sodomie dans toutes les situations en duo ou en groupe \u00e0 la maison ou \u00e0 l\u2019ext\u00e9rieur. Tu peux mater ces vid\u00e9os d&rsquo;hommes virils qui s&rsquo;enculent sans tabou et prenne du spermagold pour \u00e9jaculer plus de sperme et par [&hellip;]\" \/>\n<meta property=\"og:url\" content=\"http:\/\/www.french-bears.com\/videos-gay-et-dialogue-entre-males-virils\/x-gay\/\" \/>\n<meta property=\"og:site_name\" content=\"French Bears des vid\u00e9os gay virils et discussions entre hommes\" \/>\n<meta property=\"article:modified_time\" content=\"2018-11-13T10:14:28+00:00\" \/>\n<meta name=\"twitter:card\" content=\"summary_large_image\" \/>\n<script type=\"application\/ld+json\" class=\"yoast-schema-graph\">{\"@context\":\"https:\\\/\\\/schema.org\",\"@graph\":[{\"@type\":\"WebPage\",\"@id\":\"http:\\\/\\\/www.french-bears.com\\\/videos-gay-et-dialogue-entre-males-virils\\\/x-gay\\\/\",\"url\":\"http:\\\/\\\/www.french-bears.com\\\/videos-gay-et-dialogue-entre-males-virils\\\/x-gay\\\/\",\"name\":\"Porno Gay - French Bears des vid\u00e9os gay virils et discussions entre hommes\",\"isPartOf\":{\"@id\":\"http:\\\/\\\/www.french-bears.com\\\/videos-gay-et-dialogue-entre-males-virils\\\/#website\"},\"datePublished\":\"2009-09-12T20:17:40+00:00\",\"dateModified\":\"2018-11-13T10:14:28+00:00\",\"breadcrumb\":{\"@id\":\"http:\\\/\\\/www.french-bears.com\\\/videos-gay-et-dialogue-entre-males-virils\\\/x-gay\\\/#breadcrumb\"},\"inLanguage\":\"fr-FR\",\"potentialAction\":[{\"@type\":\"ReadAction\",\"target\":[\"http:\\\/\\\/www.french-bears.com\\\/videos-gay-et-dialogue-entre-males-virils\\\/x-gay\\\/\"]}]},{\"@type\":\"BreadcrumbList\",\"@id\":\"http:\\\/\\\/www.french-bears.com\\\/videos-gay-et-dialogue-entre-males-virils\\\/x-gay\\\/#breadcrumb\",\"itemListElement\":[{\"@type\":\"ListItem\",\"position\":1,\"name\":\"Accueil\",\"item\":\"http:\\\/\\\/www.french-bears.com\\\/videos-gay-et-dialogue-entre-males-virils\\\/\"},{\"@type\":\"ListItem\",\"position\":2,\"name\":\"Porno Gay\"}]},{\"@type\":\"WebSite\",\"@id\":\"http:\\\/\\\/www.french-bears.com\\\/videos-gay-et-dialogue-entre-males-virils\\\/#website\",\"url\":\"http:\\\/\\\/www.french-bears.com\\\/videos-gay-et-dialogue-entre-males-virils\\\/\",\"name\":\"French Bears des vid\u00e9os gay virils et discussions entre hommes\",\"description\":\"\",\"potentialAction\":[{\"@type\":\"SearchAction\",\"target\":{\"@type\":\"EntryPoint\",\"urlTemplate\":\"http:\\\/\\\/www.french-bears.com\\\/videos-gay-et-dialogue-entre-males-virils\\\/?s={search_term_string}\"},\"query-input\":{\"@type\":\"PropertyValueSpecification\",\"valueRequired\":true,\"valueName\":\"search_term_string\"}}],\"inLanguage\":\"fr-FR\"}]}<\/script>\n<!-- \/ Yoast SEO plugin. -->","yoast_head_json":{"title":"Porno Gay - French Bears des vid\u00e9os gay virils et discussions entre hommes","robots":{"index":"index","follow":"follow","max-snippet":"max-snippet:-1","max-image-preview":"max-image-preview:large","max-video-preview":"max-video-preview:-1"},"canonical":"http:\/\/www.french-bears.com\/videos-gay-et-dialogue-entre-males-virils\/x-gay\/","og_locale":"fr_FR","og_type":"article","og_title":"Porno Gay - French Bears des vid\u00e9os gay virils et discussions entre hommes","og_description":"De nouvelles vid\u00e9os pornos gay des mecs qui s&rsquo;adonnent aux plaisirs de la fellation et de la sodomie dans toutes les situations en duo ou en groupe \u00e0 la maison ou \u00e0 l\u2019ext\u00e9rieur. Tu peux mater ces vid\u00e9os d&rsquo;hommes virils qui s&rsquo;enculent sans tabou et prenne du spermagold pour \u00e9jaculer plus de sperme et par [&hellip;]","og_url":"http:\/\/www.french-bears.com\/videos-gay-et-dialogue-entre-males-virils\/x-gay\/","og_site_name":"French Bears des vid\u00e9os gay virils et discussions entre hommes","article_modified_time":"2018-11-13T10:14:28+00:00","twitter_card":"summary_large_image","schema":{"@context":"https:\/\/schema.org","@graph":[{"@type":"WebPage","@id":"http:\/\/www.french-bears.com\/videos-gay-et-dialogue-entre-males-virils\/x-gay\/","url":"http:\/\/www.french-bears.com\/videos-gay-et-dialogue-entre-males-virils\/x-gay\/","name":"Porno Gay - French Bears des vid\u00e9os gay virils et discussions entre hommes","isPartOf":{"@id":"http:\/\/www.french-bears.com\/videos-gay-et-dialogue-entre-males-virils\/#website"},"datePublished":"2009-09-12T20:17:40+00:00","dateModified":"2018-11-13T10:14:28+00:00","breadcrumb":{"@id":"http:\/\/www.french-bears.com\/videos-gay-et-dialogue-entre-males-virils\/x-gay\/#breadcrumb"},"inLanguage":"fr-FR","potentialAction":[{"@type":"ReadAction","target":["http:\/\/www.french-bears.com\/videos-gay-et-dialogue-entre-males-virils\/x-gay\/"]}]},{"@type":"BreadcrumbList","@id":"http:\/\/www.french-bears.com\/videos-gay-et-dialogue-entre-males-virils\/x-gay\/#breadcrumb","itemListElement":[{"@type":"ListItem","position":1,"name":"Accueil","item":"http:\/\/www.french-bears.com\/videos-gay-et-dialogue-entre-males-virils\/"},{"@type":"ListItem","position":2,"name":"Porno Gay"}]},{"@type":"WebSite","@id":"http:\/\/www.french-bears.com\/videos-gay-et-dialogue-entre-males-virils\/#website","url":"http:\/\/www.french-bears.com\/videos-gay-et-dialogue-entre-males-virils\/","name":"French Bears des vid\u00e9os gay virils et discussions entre hommes","description":"","potentialAction":[{"@type":"SearchAction","target":{"@type":"EntryPoint","urlTemplate":"http:\/\/www.french-bears.com\/videos-gay-et-dialogue-entre-males-virils\/?s={search_term_string}"},"query-input":{"@type":"PropertyValueSpecification","valueRequired":true,"valueName":"search_term_string"}}],"inLanguage":"fr-FR"}]}},"_links":{"self":[{"href":"http:\/\/www.french-bears.com\/videos-gay-et-dialogue-entre-males-virils\/wp-json\/wp\/v2\/pages\/156","targetHints":{"allow":["GET"]}}],"collection":[{"href":"http:\/\/www.french-bears.com\/videos-gay-et-dialogue-entre-males-virils\/wp-json\/wp\/v2\/pages"}],"about":[{"href":"http:\/\/www.french-bears.com\/videos-gay-et-dialogue-entre-males-virils\/wp-json\/wp\/v2\/types\/page"}],"author":[{"embeddable":true,"href":"http:\/\/www.french-bears.com\/videos-gay-et-dialogue-entre-males-virils\/wp-json\/wp\/v2\/users\/1"}],"replies":[{"embeddable":true,"href":"http:\/\/www.french-bears.com\/videos-gay-et-dialogue-entre-males-virils\/wp-json\/wp\/v2\/comments?post=156"}],"version-history":[{"count":12,"href":"http:\/\/www.french-bears.com\/videos-gay-et-dialogue-entre-males-virils\/wp-json\/wp\/v2\/pages\/156\/revisions"}],"predecessor-version":[{"id":3328,"href":"http:\/\/www.french-bears.com\/videos-gay-et-dialogue-entre-males-virils\/wp-json\/wp\/v2\/pages\/156\/revisions\/3328"}],"wp:attachment":[{"href":"http:\/\/www.french-bears.com\/videos-gay-et-dialogue-entre-males-virils\/wp-json\/wp\/v2\/media?parent=156"}],"curies":[{"name":"wp","href":"https:\/\/api.w.org\/{rel}","templated":true}]}}