{"id":17,"date":"2009-08-03T11:33:57","date_gmt":"2009-08-03T10:33:57","guid":{"rendered":"http:\/\/french-bears.com\/videos-gay-et-dialogue-entre-males-virils\/?page_id=17"},"modified":"2018-11-13T11:42:34","modified_gmt":"2018-11-13T10:42:34","slug":"dico","status":"publish","type":"page","link":"http:\/\/www.french-bears.com\/videos-gay-et-dialogue-entre-males-virils\/dico\/","title":{"rendered":"Dico"},"content":{"rendered":"<div>\n<table style=\"height: 552px;\" border=\"0\" width=\"621\">\n<tbody>\n<tr>\n<td width=\"570\">\n<div class=\"Style1\">Vocabulaire Bears<\/div>\n<\/td>\n<\/tr>\n<tr>\n<td>\n<p class=\"Style2\"><strong>Admireur\/ Admirateur <\/strong> : homosexuel aimant les Ours.<\/p>\n<p class=\"Style2\"><strong>Bear <\/strong> : Gay ou bisex assez poilus<\/p>\n<p class=\"Style2\"><strong>Chaser <\/strong> : Homo sexuellement attir\u00e9 les bears.<\/p>\n<p class=\"Style2\"><strong>Chubby <\/strong> : Homo ou bisex , gros ou en surpoids.<\/p>\n<p class=\"Style2\"><strong>Crevette <\/strong> : jeune Homo , fin et imberbe.<\/p>\n<p class=\"Style2\"><strong>Cub (Ourson) <\/strong> : petit chubby<\/p>\n<p class=\"Style2\"><strong>Daddy <\/strong> : Ours \u00e2g\u00e9 souvent \u00e0 partir de 50 ans ou plus celon la condition physique.<\/p>\n<p class=\"Style2\"><strong>Grizzly <\/strong> : Ours \u00e0 la pilosit\u00e9 extr\u00eame.<\/p>\n<p class=\"Style2\"><strong>Loutre (ou loup) <\/strong> : Homme velu mais \u00e0 corpulence faible, voir mince ou tr\u00e8s mince.<\/p>\n<p class=\"Style2\"><strong>Muscle-bear <\/strong> : Homme velu et muscl\u00e9 \u00e0 tr\u00e8s muscl\u00e9.<\/p>\n<p class=\"Style2\"><strong>Panda <\/strong> : Bear d&rsquo;origine asiatique.<\/p>\n<p class=\"Style2\"><strong>Polar bear <\/strong> : Bear \u00e2g\u00e9 portant une pilosit\u00e9 grisonnante ou blanchissante.<\/p>\n<\/td>\n<\/tr>\n<tr>\n<td>\n<div class=\"Style2\">\n<p><span class=\"Style3\">Drapeaux bears<\/span><\/p>\n<\/div>\n<\/td>\n<\/tr>\n<tr>\n<td>\n<div>\n<p><span class=\"Style2\"><img loading=\"lazy\" decoding=\"async\" src=\"http:\/\/french-bears.com\/IMG\/leather-flag.gif\" alt=\"\" width=\"200\" height=\"133\" \/><\/span><\/p>\n<p>Le Leather flag &#8211; pour les bears cuirs<\/p>\n<p><img loading=\"lazy\" decoding=\"async\" src=\"http:\/\/french-bears.com\/IMG\/bear_flag.jpg\" alt=\"\" width=\"200\" height=\"133\" \/><\/p>\n<p>Le Bears Flag -drapeau international des Bears<\/p>\n<p><img loading=\"lazy\" decoding=\"async\" src=\"http:\/\/french-bears.com\/IMG\/bear-pride-flag.jpg\" alt=\"\" width=\"200\" height=\"133\" \/><\/p>\n<p>Le bears Flag pride<\/p>\n<\/div>\n<\/td>\n<\/tr>\n<\/tbody>\n<\/table>\n<p align=\"center\">si vous voulez apporter votre contribution n&rsquo;h\u00e9sitez pas envoyer un email christophe @ french-bears.com<\/p>\n<\/div>\n","protected":false},"excerpt":{"rendered":"<p>Vocabulaire Bears Admireur\/ Admirateur : homosexuel aimant les Ours. Bear : Gay ou bisex assez poilus Chaser : Homo sexuellement attir\u00e9 les bears. Chubby : Homo ou bisex , gros ou en surpoids. Crevette : jeune Homo , fin et imberbe. Cub (Ourson) : petit chubby Daddy : Ours \u00e2g\u00e9 souvent \u00e0 partir de 50 [&hellip;]<\/p>\n","protected":false},"author":1,"featured_media":0,"parent":0,"menu_order":9,"comment_status":"open","ping_status":"open","template":"","meta":{"footnotes":""},"class_list":["post-17","page","type-page","status-publish","hentry"],"yoast_head":"<!-- This site is optimized with the Yoast SEO plugin v27.4 - https:\/\/yoast.com\/product\/yoast-seo-wordpress\/ -->\n<title>Dico - French Bears des vid\u00e9os gay virils et discussions entre hommes<\/title>\n<meta name=\"robots\" content=\"index, follow, max-snippet:-1, max-image-preview:large, max-video-preview:-1\" \/>\n<link rel=\"canonical\" href=\"http:\/\/www.french-bears.com\/videos-gay-et-dialogue-entre-males-virils\/dico\/\" \/>\n<meta property=\"og:locale\" content=\"fr_FR\" \/>\n<meta property=\"og:type\" content=\"article\" \/>\n<meta property=\"og:title\" content=\"Dico - French Bears des vid\u00e9os gay virils et discussions entre hommes\" \/>\n<meta property=\"og:description\" content=\"Vocabulaire Bears Admireur\/ Admirateur : homosexuel aimant les Ours. Bear : Gay ou bisex assez poilus Chaser : Homo sexuellement attir\u00e9 les bears. Chubby : Homo ou bisex , gros ou en surpoids. Crevette : jeune Homo , fin et imberbe. Cub (Ourson) : petit chubby Daddy : Ours \u00e2g\u00e9 souvent \u00e0 partir de 50 [&hellip;]\" \/>\n<meta property=\"og:url\" content=\"http:\/\/www.french-bears.com\/videos-gay-et-dialogue-entre-males-virils\/dico\/\" \/>\n<meta property=\"og:site_name\" content=\"French Bears des vid\u00e9os gay virils et discussions entre hommes\" \/>\n<meta property=\"article:modified_time\" content=\"2018-11-13T10:42:34+00:00\" \/>\n<meta property=\"og:image\" content=\"http:\/\/french-bears.com\/IMG\/leather-flag.gif\" \/>\n<meta name=\"twitter:card\" content=\"summary_large_image\" \/>\n<meta name=\"twitter:label1\" content=\"Dur\u00e9e de lecture estim\u00e9e\" \/>\n\t<meta name=\"twitter:data1\" content=\"1 minute\" \/>\n<script type=\"application\/ld+json\" class=\"yoast-schema-graph\">{\"@context\":\"https:\\\/\\\/schema.org\",\"@graph\":[{\"@type\":\"WebPage\",\"@id\":\"http:\\\/\\\/www.french-bears.com\\\/videos-gay-et-dialogue-entre-males-virils\\\/dico\\\/\",\"url\":\"http:\\\/\\\/www.french-bears.com\\\/videos-gay-et-dialogue-entre-males-virils\\\/dico\\\/\",\"name\":\"Dico - French Bears des vid\u00e9os gay virils et discussions entre hommes\",\"isPartOf\":{\"@id\":\"http:\\\/\\\/www.french-bears.com\\\/videos-gay-et-dialogue-entre-males-virils\\\/#website\"},\"primaryImageOfPage\":{\"@id\":\"http:\\\/\\\/www.french-bears.com\\\/videos-gay-et-dialogue-entre-males-virils\\\/dico\\\/#primaryimage\"},\"image\":{\"@id\":\"http:\\\/\\\/www.french-bears.com\\\/videos-gay-et-dialogue-entre-males-virils\\\/dico\\\/#primaryimage\"},\"thumbnailUrl\":\"http:\\\/\\\/french-bears.com\\\/IMG\\\/leather-flag.gif\",\"datePublished\":\"2009-08-03T10:33:57+00:00\",\"dateModified\":\"2018-11-13T10:42:34+00:00\",\"breadcrumb\":{\"@id\":\"http:\\\/\\\/www.french-bears.com\\\/videos-gay-et-dialogue-entre-males-virils\\\/dico\\\/#breadcrumb\"},\"inLanguage\":\"fr-FR\",\"potentialAction\":[{\"@type\":\"ReadAction\",\"target\":[\"http:\\\/\\\/www.french-bears.com\\\/videos-gay-et-dialogue-entre-males-virils\\\/dico\\\/\"]}]},{\"@type\":\"ImageObject\",\"inLanguage\":\"fr-FR\",\"@id\":\"http:\\\/\\\/www.french-bears.com\\\/videos-gay-et-dialogue-entre-males-virils\\\/dico\\\/#primaryimage\",\"url\":\"http:\\\/\\\/french-bears.com\\\/IMG\\\/leather-flag.gif\",\"contentUrl\":\"http:\\\/\\\/french-bears.com\\\/IMG\\\/leather-flag.gif\"},{\"@type\":\"BreadcrumbList\",\"@id\":\"http:\\\/\\\/www.french-bears.com\\\/videos-gay-et-dialogue-entre-males-virils\\\/dico\\\/#breadcrumb\",\"itemListElement\":[{\"@type\":\"ListItem\",\"position\":1,\"name\":\"Accueil\",\"item\":\"http:\\\/\\\/www.french-bears.com\\\/videos-gay-et-dialogue-entre-males-virils\\\/\"},{\"@type\":\"ListItem\",\"position\":2,\"name\":\"Dico\"}]},{\"@type\":\"WebSite\",\"@id\":\"http:\\\/\\\/www.french-bears.com\\\/videos-gay-et-dialogue-entre-males-virils\\\/#website\",\"url\":\"http:\\\/\\\/www.french-bears.com\\\/videos-gay-et-dialogue-entre-males-virils\\\/\",\"name\":\"French Bears des vid\u00e9os gay virils et discussions entre hommes\",\"description\":\"\",\"potentialAction\":[{\"@type\":\"SearchAction\",\"target\":{\"@type\":\"EntryPoint\",\"urlTemplate\":\"http:\\\/\\\/www.french-bears.com\\\/videos-gay-et-dialogue-entre-males-virils\\\/?s={search_term_string}\"},\"query-input\":{\"@type\":\"PropertyValueSpecification\",\"valueRequired\":true,\"valueName\":\"search_term_string\"}}],\"inLanguage\":\"fr-FR\"}]}<\/script>\n<!-- \/ Yoast SEO plugin. -->","yoast_head_json":{"title":"Dico - French Bears des vid\u00e9os gay virils et discussions entre hommes","robots":{"index":"index","follow":"follow","max-snippet":"max-snippet:-1","max-image-preview":"max-image-preview:large","max-video-preview":"max-video-preview:-1"},"canonical":"http:\/\/www.french-bears.com\/videos-gay-et-dialogue-entre-males-virils\/dico\/","og_locale":"fr_FR","og_type":"article","og_title":"Dico - French Bears des vid\u00e9os gay virils et discussions entre hommes","og_description":"Vocabulaire Bears Admireur\/ Admirateur : homosexuel aimant les Ours. Bear : Gay ou bisex assez poilus Chaser : Homo sexuellement attir\u00e9 les bears. Chubby : Homo ou bisex , gros ou en surpoids. Crevette : jeune Homo , fin et imberbe. Cub (Ourson) : petit chubby Daddy : Ours \u00e2g\u00e9 souvent \u00e0 partir de 50 [&hellip;]","og_url":"http:\/\/www.french-bears.com\/videos-gay-et-dialogue-entre-males-virils\/dico\/","og_site_name":"French Bears des vid\u00e9os gay virils et discussions entre hommes","article_modified_time":"2018-11-13T10:42:34+00:00","og_image":[{"url":"http:\/\/french-bears.com\/IMG\/leather-flag.gif","type":"","width":"","height":""}],"twitter_card":"summary_large_image","twitter_misc":{"Dur\u00e9e de lecture estim\u00e9e":"1 minute"},"schema":{"@context":"https:\/\/schema.org","@graph":[{"@type":"WebPage","@id":"http:\/\/www.french-bears.com\/videos-gay-et-dialogue-entre-males-virils\/dico\/","url":"http:\/\/www.french-bears.com\/videos-gay-et-dialogue-entre-males-virils\/dico\/","name":"Dico - French Bears des vid\u00e9os gay virils et discussions entre hommes","isPartOf":{"@id":"http:\/\/www.french-bears.com\/videos-gay-et-dialogue-entre-males-virils\/#website"},"primaryImageOfPage":{"@id":"http:\/\/www.french-bears.com\/videos-gay-et-dialogue-entre-males-virils\/dico\/#primaryimage"},"image":{"@id":"http:\/\/www.french-bears.com\/videos-gay-et-dialogue-entre-males-virils\/dico\/#primaryimage"},"thumbnailUrl":"http:\/\/french-bears.com\/IMG\/leather-flag.gif","datePublished":"2009-08-03T10:33:57+00:00","dateModified":"2018-11-13T10:42:34+00:00","breadcrumb":{"@id":"http:\/\/www.french-bears.com\/videos-gay-et-dialogue-entre-males-virils\/dico\/#breadcrumb"},"inLanguage":"fr-FR","potentialAction":[{"@type":"ReadAction","target":["http:\/\/www.french-bears.com\/videos-gay-et-dialogue-entre-males-virils\/dico\/"]}]},{"@type":"ImageObject","inLanguage":"fr-FR","@id":"http:\/\/www.french-bears.com\/videos-gay-et-dialogue-entre-males-virils\/dico\/#primaryimage","url":"http:\/\/french-bears.com\/IMG\/leather-flag.gif","contentUrl":"http:\/\/french-bears.com\/IMG\/leather-flag.gif"},{"@type":"BreadcrumbList","@id":"http:\/\/www.french-bears.com\/videos-gay-et-dialogue-entre-males-virils\/dico\/#breadcrumb","itemListElement":[{"@type":"ListItem","position":1,"name":"Accueil","item":"http:\/\/www.french-bears.com\/videos-gay-et-dialogue-entre-males-virils\/"},{"@type":"ListItem","position":2,"name":"Dico"}]},{"@type":"WebSite","@id":"http:\/\/www.french-bears.com\/videos-gay-et-dialogue-entre-males-virils\/#website","url":"http:\/\/www.french-bears.com\/videos-gay-et-dialogue-entre-males-virils\/","name":"French Bears des vid\u00e9os gay virils et discussions entre hommes","description":"","potentialAction":[{"@type":"SearchAction","target":{"@type":"EntryPoint","urlTemplate":"http:\/\/www.french-bears.com\/videos-gay-et-dialogue-entre-males-virils\/?s={search_term_string}"},"query-input":{"@type":"PropertyValueSpecification","valueRequired":true,"valueName":"search_term_string"}}],"inLanguage":"fr-FR"}]}},"_links":{"self":[{"href":"http:\/\/www.french-bears.com\/videos-gay-et-dialogue-entre-males-virils\/wp-json\/wp\/v2\/pages\/17","targetHints":{"allow":["GET"]}}],"collection":[{"href":"http:\/\/www.french-bears.com\/videos-gay-et-dialogue-entre-males-virils\/wp-json\/wp\/v2\/pages"}],"about":[{"href":"http:\/\/www.french-bears.com\/videos-gay-et-dialogue-entre-males-virils\/wp-json\/wp\/v2\/types\/page"}],"author":[{"embeddable":true,"href":"http:\/\/www.french-bears.com\/videos-gay-et-dialogue-entre-males-virils\/wp-json\/wp\/v2\/users\/1"}],"replies":[{"embeddable":true,"href":"http:\/\/www.french-bears.com\/videos-gay-et-dialogue-entre-males-virils\/wp-json\/wp\/v2\/comments?post=17"}],"version-history":[{"count":6,"href":"http:\/\/www.french-bears.com\/videos-gay-et-dialogue-entre-males-virils\/wp-json\/wp\/v2\/pages\/17\/revisions"}],"predecessor-version":[{"id":3333,"href":"http:\/\/www.french-bears.com\/videos-gay-et-dialogue-entre-males-virils\/wp-json\/wp\/v2\/pages\/17\/revisions\/3333"}],"wp:attachment":[{"href":"http:\/\/www.french-bears.com\/videos-gay-et-dialogue-entre-males-virils\/wp-json\/wp\/v2\/media?parent=17"}],"curies":[{"name":"wp","href":"https:\/\/api.w.org\/{rel}","templated":true}]}}